{"id":510,"date":"2023-10-13T19:23:32","date_gmt":"2023-10-13T17:23:32","guid":{"rendered":"https:\/\/croquis-reportage.com\/?page_id=510"},"modified":"2023-10-16T19:34:05","modified_gmt":"2023-10-16T17:34:05","slug":"fiche-technique","status":"publish","type":"page","link":"https:\/\/www.croquis-reportage.com\/index.php\/fiche-technique\/","title":{"rendered":"Fiche technique"},"content":{"rendered":"\n<h2 class=\"wp-block-heading\" style=\"font-size:clamp(23.043px, 1.44rem + ((1vw - 3.2px) * 1.558), 38px);px;line-height:1.4\"><strong><em>Comment cela se passe t-il<\/em><\/strong>&nbsp;?<\/h2>\n\n\n\n<p>J&rsquo;interviens en direct sur le site de l&rsquo;\u00e9v\u00e8nement ou de la manifestation en faisant des croquis de ce qui se passe dans l&rsquo;instant.<br>Les croquis retranscrivent une sc\u00e8ne de rue, une action, des personnages pris au vol en mouvement ou statique.<br>Selon la rapidit\u00e9 des actions, ces croquis peuvent \u00eatre retravaill\u00e9s.<br>De la m\u00eame fa\u00e7on, si l&rsquo;\u00e9v\u00e8nement se d\u00e9roule en ext\u00e9rieur des intemp\u00e9ries ou un mouvement de foule peuvent \u00eatre un obstacle aux prises de croquis :<br>Dans ces conditions, je prends des photos et je retravaille les croquis \u00e0 partir des clich\u00e9s r\u00e9alis\u00e9s.<\/p>\n\n\n\n<h2 class=\"wp-block-heading\" style=\"font-size:clamp(23.043px, 1.44rem + ((1vw - 3.2px) * 1.558), 38px);px;line-height:1.4\"><strong><strong><em>De quoi ai-je besoin&nbsp;?<\/em><\/strong><\/strong><\/h2>\n\n\n\n<p>Apr\u00e8s un rep\u00e9rage in situ, je conviens, en amont, avec le commanditaire, d\u2019un ou plusieurs endroits o\u00f9 je puisse m&rsquo;installer pour travailler apr\u00e8s m&rsquo;\u00eatre assur\u00e9e de b\u00e9n\u00e9ficier de suffisamment d&rsquo;espace pour m&rsquo;asseoir et avoir une vue d\u00e9gag\u00e9e sur le ou les sujets \u00e0 croquer.<\/p>\n\n\n\n<p>Je suis autonome au niveau de l&rsquo;\u00e9clairage, ce qui me donne l&rsquo;avantage de me glisser partout, de jour comme de nuit, \u00e0 la terrasse d&rsquo;un caf\u00e9, dans une all\u00e9e de parc, ou bien, s&rsquo;il s&rsquo;agit d&rsquo;un spectacle, dans les coulisses, sur un \u00a0\u00bb bout\u00a0\u00bb de sc\u00e8ne ou dans les gradins, fondue dans le public.<\/p>\n\n\n\n<h2 class=\"wp-block-heading\" style=\"font-size:clamp(23.043px, 1.44rem + ((1vw - 3.2px) * 1.558), 38px);px;line-height:1.4\"><strong><strong><em>A quoi \u00e7a sert ?<\/em><\/strong><\/strong><\/h2>\n\n\n\n<p>C&rsquo;est un outil de communication \u00a0\u00bb vivant\u00a0\u00bb qui parle de mani\u00e8re po\u00e9tique de la vie, d&rsquo;une situation \u00e0 un moment donn\u00e9, et retranscrit l&rsquo;ambiance de l&rsquo;\u00e9v\u00e8nement.<\/p>\n\n\n\n<p>Il peut \u00eatre utilis\u00e9 sous diff\u00e9rentes formes :<\/p>\n\n\n\n<ul class=\"wp-block-list\">\n<li>en communication interne <\/li>\n\n\n\n<li>en communication externe<\/li>\n<\/ul>\n\n\n\n<h2 class=\"wp-block-heading\" style=\"font-size:clamp(23.043px, 1.44rem + ((1vw - 3.2px) * 1.558), 38px);px;line-height:1.4\"><strong><strong><em>A qui s&rsquo;adresse-t-il ?<\/em><\/strong><\/strong><\/h2>\n\n\n\n<ul class=\"wp-block-list\">\n<li>A une entreprise priv\u00e9e<\/li>\n\n\n\n<li>une structure associative<\/li>\n\n\n\n<li>un \u00e9v\u00e8nement festivalier<\/li>\n\n\n\n<li>un repas d&rsquo;entreprise pour des portraits et des ambiances<\/li>\n\n\n\n<li>tout simplement pour une soir\u00e9e priv\u00e9e <\/li>\n\n\n\n<li>ou un \u00e9v\u00e8nement familial.<\/li>\n<\/ul>\n\n\n\n<h2 class=\"wp-block-heading\" style=\"font-size:clamp(23.043px, 1.44rem + ((1vw - 3.2px) * 1.558), 38px);px;line-height:1.4\"><strong><strong><em>Comment se d\u00e9cline-t-il ?<\/em><\/strong><\/strong><\/h2>\n\n\n\n<ul class=\"wp-block-list\">\n<li>Cartes postales<\/li>\n\n\n\n<li>Programmes\/flyers<\/li>\n\n\n\n<li>Couvertures de Plaquettes \/programmes<\/li>\n\n\n\n<li>Affiches pluri dimensionnelles&nbsp;<\/li>\n\n\n\n<li>V\u00eatements<\/li>\n\n\n\n<li>Carnets de voyage sur l&rsquo;histoire ou l&rsquo;\u00e9v\u00e8nement en question<\/li>\n\n\n\n<li>Calendrier<\/li>\n\n\n\n<li>Agendas<\/li>\n\n\n\n<li>Marque pages (cadeaux aux clients ou spectateurs fid\u00e8les)<\/li>\n\n\n\n<li>Expositions avec les originaux encadr\u00e9s ainsi que des \u00e9ditions grands formats sur b\u00e2che &#8211; toile &#8211; ou papier<\/li>\n<\/ul>\n\n\n\n<h2 class=\"wp-block-heading\" style=\"font-size:clamp(23.043px, 1.44rem + ((1vw - 3.2px) * 1.558), 38px);px;line-height:1.4\"><strong><em>Combien \u00e7a co\u00fbte&nbsp;?<\/em><\/strong><\/h2>\n\n\n\n<p>Le prix est d\u00e9termin\u00e9 en fonction des exigences de la commande et en fonction du type d&rsquo;exploitation.<br>Ces dispositions font l&rsquo;objet d&rsquo;un contrat entre l&rsquo;artiste et celui qui passe la commande.<br>Les originaux restent la propri\u00e9t\u00e9 de l&rsquo;artiste. &nbsp;Ne seront vendus que des droits d&rsquo;exploitation \u00e0 l&rsquo;image.<\/p>\n\n\n\n<h2 class=\"wp-block-heading\" style=\"font-size:clamp(23.043px, 1.44rem + ((1vw - 3.2px) * 1.558), 38px);px;line-height:1.4\"><strong><em>Quelles propositions de contrat&nbsp;?<\/em><\/strong><\/h2>\n\n\n\n<p>\u00c9volutif et \u00e0 la demande ;<\/p>\n\n\n\n<p>En fonction de l&rsquo;utilisation de l&rsquo;objet, l&rsquo;artiste et le commanditaire conviennent d&rsquo;un nombre d\u00e9termin\u00e9 de croquis \u00e0 r\u00e9aliser sur la dur\u00e9e de l&rsquo;\u00e9v\u00e8nement.<\/p>\n","protected":false},"excerpt":{"rendered":"<p>Comment cela se passe t-il&nbsp;? J&rsquo;interviens en direct sur le site de l&rsquo;\u00e9v\u00e8nement ou de la manifestation en faisant des croquis de ce qui se passe dans l&rsquo;instant.Les croquis retranscrivent une sc\u00e8ne de rue, une action, des personnages pris au vol en mouvement ou statique.Selon la rapidit\u00e9 des actions, ces croquis peuvent \u00eatre retravaill\u00e9s.De la &hellip; <\/p>\n<p class=\"link-more\"><a href=\"https:\/\/www.croquis-reportage.com\/index.php\/fiche-technique\/\" class=\"more-link\">Lire la suite de<span class=\"screen-reader-text\">\u00ab\u00a0Fiche technique\u00a0\u00bb<\/span><\/a><\/p>\n","protected":false},"author":1,"featured_media":101,"parent":0,"menu_order":0,"comment_status":"closed","ping_status":"closed","template":"","meta":{"footnotes":""},"class_list":["post-510","page","type-page","status-publish","has-post-thumbnail","hentry"],"_links":{"self":[{"href":"https:\/\/www.croquis-reportage.com\/index.php\/wp-json\/wp\/v2\/pages\/510","targetHints":{"allow":["GET"]}}],"collection":[{"href":"https:\/\/www.croquis-reportage.com\/index.php\/wp-json\/wp\/v2\/pages"}],"about":[{"href":"https:\/\/www.croquis-reportage.com\/index.php\/wp-json\/wp\/v2\/types\/page"}],"author":[{"embeddable":true,"href":"https:\/\/www.croquis-reportage.com\/index.php\/wp-json\/wp\/v2\/users\/1"}],"replies":[{"embeddable":true,"href":"https:\/\/www.croquis-reportage.com\/index.php\/wp-json\/wp\/v2\/comments?post=510"}],"version-history":[{"count":20,"href":"https:\/\/www.croquis-reportage.com\/index.php\/wp-json\/wp\/v2\/pages\/510\/revisions"}],"predecessor-version":[{"id":1134,"href":"https:\/\/www.croquis-reportage.com\/index.php\/wp-json\/wp\/v2\/pages\/510\/revisions\/1134"}],"wp:featuredmedia":[{"embeddable":true,"href":"https:\/\/www.croquis-reportage.com\/index.php\/wp-json\/wp\/v2\/media\/101"}],"wp:attachment":[{"href":"https:\/\/www.croquis-reportage.com\/index.php\/wp-json\/wp\/v2\/media?parent=510"}],"curies":[{"name":"wp","href":"https:\/\/api.w.org\/{rel}","templated":true}]}}