{"id":1294,"date":"2023-10-16T15:59:00","date_gmt":"2023-10-16T13:59:00","guid":{"rendered":"https:\/\/www.croquis-reportage.com\/?page_id=1294"},"modified":"2023-10-16T16:10:29","modified_gmt":"2023-10-16T14:10:29","slug":"accueil-test","status":"publish","type":"page","link":"https:\/\/www.croquis-reportage.com\/index.php\/accueil-test\/","title":{"rendered":"Accueil Test"},"content":{"rendered":"\n<div class=\"wp-block-group has-text-color has-link-color wp-elements-86e330c38a8c7c0b56f45d3bb278d67e is-layout-flow wp-block-group-is-layout-flow\" style=\"color:#000000\">\n<div class=\"wp-block-columns is-layout-flex wp-container-core-columns-is-layout-28f84493 wp-block-columns-is-layout-flex\">\n<div class=\"wp-block-column is-layout-flow wp-block-column-is-layout-flow\">\n<div style=\"height:155px\" aria-hidden=\"true\" class=\"wp-block-spacer\"><\/div>\n\n\n\n<h2 class=\"wp-block-heading has-large-font-size\" id=\"inspiro-is-a-digital-product-agency-that-focuses-on-strategy-and-design\" style=\"font-style:normal;font-weight:100\"><strong>Le croquis  reportage  participe \u00e0 tisser des liens sociaux, valorise les personnes \u00ab&nbsp;croqu\u00e9s&nbsp;\u00bb et propose un outil de communication original. <\/strong><\/h2>\n\n\n\n<h2 class=\"wp-block-heading has-large-font-size\" id=\"inspiro-is-a-digital-product-agency-that-focuses-on-strategy-and-design\" style=\"font-style:normal;font-weight:100\"><strong>Capter le geste <\/strong><br><strong>Le mouvement <\/strong><br><strong>La forme <\/strong><\/h2>\n\n\n\n<h2 class=\"wp-block-heading has-large-font-size\" id=\"inspiro-is-a-digital-product-agency-that-focuses-on-strategy-and-design\" style=\"font-style:normal;font-weight:100\"><strong>Retranscrire les \u00e9motions <\/strong><br><strong>l&rsquo;instant <\/strong><\/h2>\n\n\n\n<h2 class=\"wp-block-heading has-large-font-size\" id=\"inspiro-is-a-digital-product-agency-that-focuses-on-strategy-and-design\" style=\"font-style:normal;font-weight:100\"><strong>\u00catre le reflet d&rsquo;une \u00e9poque <\/strong><br><strong>en toute libert\u00e9<\/strong><\/h2>\n\n\n\n<div style=\"height:100px\" aria-hidden=\"true\" class=\"wp-block-spacer\"><\/div>\n<\/div>\n<\/div>\n<\/div>\n\n\n\n<div class=\"wp-block-group alignfull has-text-color has-background has-link-color wp-elements-c0ad1d89ed27ef9817c0c59b8857012e has-global-padding is-layout-constrained wp-block-group-is-layout-constrained\" style=\"color:#000000;background-color:#e5e9ec;padding-top:var(--wp--preset--spacing--small);padding-bottom:var(--wp--preset--spacing--small)\">\n<div class=\"wp-block-columns is-layout-flex wp-container-core-columns-is-layout-28f84493 wp-block-columns-is-layout-flex\">\n<div class=\"wp-block-column is-layout-flow wp-block-column-is-layout-flow\">\n<h3 class=\"wp-block-heading has-extra-large-font-size\"><strong>Le croquis reportage<\/strong><\/h3>\n\n\n\n<p>J\u2019interviens en direct sur le site de l\u2019\u00e9v\u00e8nement ou de la manifestation en faisant des croquis de ce qui se passe dans l\u2019instant.<br>Les croquis retranscrivent une sc\u00e8ne de rue, une action, des personnages pris au vol en mouvement ou statique.<\/p>\n\n\n\n<div class=\"wp-block-buttons is-vertical is-content-justification-right is-nowrap is-layout-flex wp-container-core-buttons-is-layout-56116baa wp-block-buttons-is-layout-flex\">\n<div class=\"wp-block-button is-style-outline is-style-outline--1\"><a class=\"wp-block-button__link has-white-color has-text-color wp-element-button\">Fiche technique<\/a><\/div>\n<\/div>\n\n\n\n<div style=\"height:100px\" aria-hidden=\"true\" class=\"wp-block-spacer\"><\/div>\n<\/div>\n\n\n\n<div class=\"wp-block-column is-layout-flow wp-block-column-is-layout-flow\" style=\"padding-top:3em;padding-right:3em;padding-bottom:3em;padding-left:3em\">\n<h3 class=\"wp-block-heading has-extra-large-font-size\"><strong>Nos croquis reportages vous int\u00e9ressent&nbsp;?<\/strong><\/h3>\n\n\n\n<p>Si vous souhaitez des pr\u00e9cisions, un \u00e9change personnalis\u00e9 ?<\/p>\n<\/div>\n<\/div>\n<\/div>\n\n\n\n<div class=\"wp-block-group has-global-padding is-layout-constrained wp-block-group-is-layout-constrained\">\n<div class=\"wp-block-group is-layout-flow wp-block-group-is-layout-flow\">\n<div style=\"height:100px\" aria-hidden=\"true\" class=\"wp-block-spacer\"><\/div>\n\n\n\n<p class=\"has-text-color\" style=\"color:#0bb4aa\">TESTIMONIALS<\/p>\n\n\n\n<h2 class=\"wp-block-heading has-large-font-size\">What people say<br>about us<\/h2>\n\n\n\n<div style=\"height:42px\" aria-hidden=\"true\" class=\"wp-block-spacer\"><\/div>\n\n\n\n<div class=\"wp-block-columns is-layout-flex wp-container-core-columns-is-layout-28f84493 wp-block-columns-is-layout-flex\">\n<div class=\"wp-block-column is-style-shadow has-background is-layout-flow wp-block-column-is-layout-flow\" style=\"border-style:none;border-width:0px;background-color:#f4f5f8;padding-top:30px;padding-right:30px;padding-bottom:30px;padding-left:30px\">\n<p>\u00ab\u00a0Etiam porta sem malesuada magna mollis euismod. Donec id elit non mi porta gravida at eget metus. Cras justo odio, dapibus ac facilisis in, egestas eget quam.\u00a0\u00bb<\/p>\n\n\n\n<div class=\"wp-block-group has-global-padding is-layout-constrained wp-block-group-is-layout-constrained\">\n<div class=\"wp-block-columns are-vertically-aligned-center is-layout-flex wp-container-core-columns-is-layout-28f84493 wp-block-columns-is-layout-flex\">\n<div class=\"wp-block-column is-vertically-aligned-center is-layout-flow wp-block-column-is-layout-flow\" style=\"flex-basis:100px\">\n<figure class=\"wp-block-image size-full is-resized\"><img decoding=\"async\" src=\"https:\/\/www.croquis-reportage.com\/wp-content\/themes\/inspiro\/assets\/images\/Ellipse-2.png\" alt=\"\" class=\"wp-image-96\" style=\"width:79px;height:79px\"\/><\/figure>\n<\/div>\n\n\n\n<div class=\"wp-block-column is-vertically-aligned-center is-layout-flow wp-block-column-is-layout-flow\">\n<p class=\"has-foreground-color has-text-color\"><strong>Eva Lester<\/strong><br>Senior Supervisors \u30fb Fables<\/p>\n<\/div>\n<\/div>\n<\/div>\n<\/div>\n\n\n\n<div class=\"wp-block-column is-style-shadow has-background is-layout-flow wp-block-column-is-layout-flow\" style=\"border-style:none;border-width:0px;background-color:#f4f5f8;padding-top:30px;padding-right:30px;padding-bottom:30px;padding-left:30px\">\n<p>\u00ab\u00a0Etiam porta sem malesuada magna mollis euismod. Donec id elit non mi porta gravida at eget metus. Cras justo odio, dapibus ac facilisis in, egestas eget quam.\u00a0\u00bb<\/p>\n\n\n\n<div class=\"wp-block-columns are-vertically-aligned-center is-layout-flex wp-container-core-columns-is-layout-28f84493 wp-block-columns-is-layout-flex\">\n<div class=\"wp-block-column is-vertically-aligned-center is-layout-flow wp-block-column-is-layout-flow\" style=\"flex-basis:100px\">\n<figure class=\"wp-block-image size-full is-resized\"><img decoding=\"async\" src=\"https:\/\/www.croquis-reportage.com\/wp-content\/themes\/inspiro\/assets\/images\/Ellipse-3.png\" alt=\"\" class=\"wp-image-105\" style=\"width:91px;height:91px\"\/><\/figure>\n<\/div>\n\n\n\n<div class=\"wp-block-column is-vertically-aligned-center is-layout-flow wp-block-column-is-layout-flow\">\n<p class=\"has-foreground-color has-text-color\"><strong><strong>James Richardson<\/strong><\/strong><br>Environmental Economist<\/p>\n<\/div>\n<\/div>\n<\/div>\n<\/div>\n\n\n\n<div style=\"height:156px\" aria-hidden=\"true\" class=\"wp-block-spacer\"><\/div>\n<\/div>\n<\/div>\n","protected":false},"excerpt":{"rendered":"<p>Le croquis reportage participe \u00e0 tisser des liens sociaux, valorise les personnes \u00ab&nbsp;croqu\u00e9s&nbsp;\u00bb et propose un outil de communication original. Capter le geste Le mouvement La forme Retranscrire les \u00e9motions l&rsquo;instant \u00catre le reflet d&rsquo;une \u00e9poque en toute libert\u00e9 Le croquis reportage J\u2019interviens en direct sur le site de l\u2019\u00e9v\u00e8nement ou de la manifestation en &hellip; <\/p>\n<p class=\"link-more\"><a href=\"https:\/\/www.croquis-reportage.com\/index.php\/accueil-test\/\" class=\"more-link\">Lire la suite de<span class=\"screen-reader-text\">\u00ab\u00a0Accueil Test\u00a0\u00bb<\/span><\/a><\/p>\n","protected":false},"author":1,"featured_media":0,"parent":0,"menu_order":0,"comment_status":"closed","ping_status":"closed","template":"","meta":{"footnotes":""},"class_list":["post-1294","page","type-page","status-publish","hentry"],"_links":{"self":[{"href":"https:\/\/www.croquis-reportage.com\/index.php\/wp-json\/wp\/v2\/pages\/1294","targetHints":{"allow":["GET"]}}],"collection":[{"href":"https:\/\/www.croquis-reportage.com\/index.php\/wp-json\/wp\/v2\/pages"}],"about":[{"href":"https:\/\/www.croquis-reportage.com\/index.php\/wp-json\/wp\/v2\/types\/page"}],"author":[{"embeddable":true,"href":"https:\/\/www.croquis-reportage.com\/index.php\/wp-json\/wp\/v2\/users\/1"}],"replies":[{"embeddable":true,"href":"https:\/\/www.croquis-reportage.com\/index.php\/wp-json\/wp\/v2\/comments?post=1294"}],"version-history":[{"count":9,"href":"https:\/\/www.croquis-reportage.com\/index.php\/wp-json\/wp\/v2\/pages\/1294\/revisions"}],"predecessor-version":[{"id":1307,"href":"https:\/\/www.croquis-reportage.com\/index.php\/wp-json\/wp\/v2\/pages\/1294\/revisions\/1307"}],"wp:attachment":[{"href":"https:\/\/www.croquis-reportage.com\/index.php\/wp-json\/wp\/v2\/media?parent=1294"}],"curies":[{"name":"wp","href":"https:\/\/api.w.org\/{rel}","templated":true}]}}